{"id":200,"date":"2021-01-27T10:16:00","date_gmt":"2021-01-27T09:16:00","guid":{"rendered":"http:\/\/zubiorganic.org\/?page_id=200"},"modified":"2021-10-28T12:44:22","modified_gmt":"2021-10-28T10:44:22","slug":"200-2","status":"publish","type":"page","link":"https:\/\/zubiorganic.org\/index.php\/200-2\/","title":{"rendered":"Consultor\u00eda"},"content":{"rendered":"\n\n[et_pb_section fb_built=\u00bb1&#8243; _builder_version=\u00bb4.9.2&#8243; _module_preset=\u00bbdefault\u00bb background_image=\u00bbhttps:\/\/zubiorganic.org\/wp-content\/uploads\/2021\/01\/proyecto.jpg\u00bb parallax=\u00bbon\u00bb min_height=\u00bb888px\u00bb custom_margin=\u00bb0px|0px|0px|0px|false|false\u00bb custom_padding=\u00bb0px||0px||false|false\u00bb hover_enabled=\u00bb0&#8243; min_height_last_edited=\u00bbon|tablet\u00bb sticky_enabled=\u00bb0&#8243; min_height_tablet=\u00bb600px\u00bb da_is_popup=\u00bboff\u00bb da_exit_intent=\u00bboff\u00bb da_has_close=\u00bbon\u00bb da_alt_close=\u00bboff\u00bb da_dark_close=\u00bboff\u00bb da_not_modal=\u00bbon\u00bb da_is_singular=\u00bboff\u00bb da_with_loader=\u00bboff\u00bb da_has_shadow=\u00bbon\u00bb da_disable_devices=\u00bboff|off|off\u00bb][et_pb_row _builder_version=\u00bb4.7.7&#8243; _module_preset=\u00bbdefault\u00bb][et_pb_column type=\u00bb4_4&#8243; _builder_version=\u00bb4.7.7&#8243; _module_preset=\u00bbdefault\u00bb][et_pb_text _builder_version=\u00bb4.9.2&#8243; _module_preset=\u00bbdefault\u00bb text_font=\u00bb|300|||||||\u00bb text_text_color=\u00bb#000000&#8243; text_font_size=\u00bb50px\u00bb text_orientation=\u00bbcenter\u00bb custom_margin=\u00bb300px||||false|false\u00bb hover_enabled=\u00bb0&#8243; text_line_height_last_edited=\u00bbon|phone\u00bb sticky_enabled=\u00bb0&#8243; text_line_height_phone=\u00bb1.1em\u00bb text_text_color_last_edited=\u00bbon|phone\u00bb text_text_color_phone=\u00bb#FFFFFF\u00bb background_last_edited=\u00bbon|phone\u00bb background_color_phone=\u00bbrgba(0,0,0,0.39)\u00bb background_enable_color_phone=\u00bbon\u00bb custom_margin_last_edited=\u00bbon|phone\u00bb custom_margin_phone=\u00bb|||0px|false|false\u00bb custom_padding=\u00bb10px|0px|10px|0px|false|false\u00bb]<p>Tu proyecto es <b style=\"font-size:1.5em\">\u00fanico<\/b><\/p>[\/et_pb_text][\/et_pb_column][\/et_pb_row][\/et_pb_section][et_pb_section fb_built=\u00bb1&#8243; _builder_version=\u00bb4.7.7&#8243; _module_preset=\u00bbdefault\u00bb da_is_popup=\u00bboff\u00bb da_exit_intent=\u00bboff\u00bb da_has_close=\u00bbon\u00bb da_alt_close=\u00bboff\u00bb da_dark_close=\u00bboff\u00bb da_not_modal=\u00bbon\u00bb da_is_singular=\u00bboff\u00bb da_with_loader=\u00bboff\u00bb da_has_shadow=\u00bbon\u00bb da_disable_devices=\u00bboff|off|off\u00bb][et_pb_row _builder_version=\u00bb4.7.7&#8243; _module_preset=\u00bbdefault\u00bb][et_pb_column type=\u00bb4_4&#8243; _builder_version=\u00bb4.7.7&#8243; _module_preset=\u00bbdefault\u00bb][et_pb_text _builder_version=\u00bb4.9.2&#8243; _module_preset=\u00bbdefault\u00bb text_font=\u00bb|300|||||||\u00bb text_text_color=\u00bb#000000&#8243; text_font_size=\u00bb31px\u00bb text_orientation=\u00bbcenter\u00bb hover_enabled=\u00bb0&#8243; text_line_height_last_edited=\u00bbon|phone\u00bb sticky_enabled=\u00bb0&#8243; text_line_height_phone=\u00bb1.2em\u00bb]<p>Consultor\u00eda <b style=\"font-size:2em\">Proyectos<\/b><\/p>[\/et_pb_text][\/et_pb_column][\/et_pb_row][et_pb_row _builder_version=\u00bb4.7.7&#8243; _module_preset=\u00bbdefault\u00bb][et_pb_column type=\u00bb4_4&#8243; _builder_version=\u00bb4.7.7&#8243; _module_preset=\u00bbdefault\u00bb][et_pb_text _builder_version=\u00bb4.7.7&#8243; _module_preset=\u00bbdefault\u00bb text_font=\u00bb|300|||||||\u00bb text_text_color=\u00bb#000000&#8243; text_font_size=\u00bb16px\u00bb]Desde 2009 desarrollamos proyectos de Bioeconom\u00eda circular, por lo que disponemos de una <b>amplia experiencia<\/b> en todas las etapas del dise\u00f1o y puesta en marcha de este tipo de proyectos.<br\/>\n\nSabemos que <b>cada proyecto es \u00fanico<\/b>, pero si tienes una idea podemos asesorarte sobre <b>c\u00f3mo dimensionar, dise\u00f1ar y configurar<\/b>  tu propio sistema basado en Bioeconom\u00eda Circular.\n\nM\u00e1s informaci\u00f3n: <b><a href=\"https:\/\/www.breen.es\/\" target=\"_blank\" rel=\"noopener\">www.breen.es<\/a><\/b>[\/et_pb_text][\/et_pb_column][\/et_pb_row][\/et_pb_section][et_pb_section fb_built=\u00bb1&#8243; _builder_version=\u00bb4.7.7&#8243; _module_preset=\u00bbdefault\u00bb background_color=\u00bbrgba(0,108,135,0.64)\u00bb custom_margin=\u00bbauto||||false|false\u00bb da_is_popup=\u00bboff\u00bb da_exit_intent=\u00bboff\u00bb da_has_close=\u00bbon\u00bb da_alt_close=\u00bboff\u00bb da_dark_close=\u00bboff\u00bb da_not_modal=\u00bbon\u00bb da_is_singular=\u00bboff\u00bb da_with_loader=\u00bboff\u00bb da_has_shadow=\u00bbon\u00bb da_disable_devices=\u00bboff|off|off\u00bb][et_pb_row column_structure=\u00bb1_2,1_2&#8243; _builder_version=\u00bb4.7.7&#8243; _module_preset=\u00bbdefault\u00bb background_color=\u00bbrgba(0,0,0,0)\u00bb custom_padding=\u00bb||||false|false\u00bb][et_pb_column type=\u00bb1_2&#8243; _builder_version=\u00bb4.7.7&#8243; _module_preset=\u00bbdefault\u00bb][et_pb_text _builder_version=\u00bb4.9.2&#8243; _module_preset=\u00bbdefault\u00bb text_font=\u00bb|300|||||||\u00bb text_text_color=\u00bb#ffffff\u00bb text_font_size=\u00bb30px\u00bb hover_enabled=\u00bb0&#8243; content_last_edited=\u00bbon|phone\u00bb sticky_enabled=\u00bb0&#8243; content_phone=\u00bb<p>Si tienes un proyecto,<\/p>\n<p style=%22font-size:1.5em;line-height:1.1em%22><b> \u00a1cu\u00e9ntanos y escr\u00edbenos!<\/b><\/p>\u00ab]<p>Si tienes un proyecto,<\/p>\n<p style=\"font-size:1.5em\"><b> \u00a1cu\u00e9ntanos y escr\u00edbenos!<\/b><\/p>[\/et_pb_text][\/et_pb_column][et_pb_column type=\u00bb1_2&#8243; _builder_version=\u00bb4.7.7&#8243; _module_preset=\u00bbdefault\u00bb][et_pb_button button_url=\u00bbmailto:zubiorganic@zubigune.com\u00bb button_text=\u00bbEscribir sobre mi proyecto\u00bb button_alignment=\u00bbcenter\u00bb _builder_version=\u00bb4.9.2&#8243; _module_preset=\u00bbdefault\u00bb custom_button=\u00bbon\u00bb button_text_size=\u00bb25px\u00bb button_text_color=\u00bb#ffffff\u00bb button_bg_color=\u00bb#005d75&#8243; button_border_width=\u00bb0px\u00bb button_border_radius=\u00bb3px\u00bb button_icon_color=\u00bb#ffffff\u00bb custom_margin=\u00bb20px||||false|false\u00bb custom_padding=\u00bb|50px||50px|false|true\u00bb hover_enabled=\u00bb0&#8243; box_shadow_style=\u00bbpreset1&#8243; sticky_enabled=\u00bb0&#8243;][\/et_pb_button][\/et_pb_column][\/et_pb_row][\/et_pb_section]\n\n","protected":false},"excerpt":{"rendered":"<p>Tu proyecto es \u00fanicoConsultor\u00eda ProyectosDesde 2009 desarrollamos proyectos de Bioeconom\u00eda circular, por lo que disponemos de una amplia experiencia en todas las etapas del dise\u00f1o y puesta en marcha de este tipo de proyectos. Sabemos que cada proyecto es \u00fanico, pero si tienes una idea podemos asesorarte sobre c\u00f3mo dimensionar, dise\u00f1ar y configurar tu propio [&hellip;]<\/p>\n","protected":false},"author":1,"featured_media":0,"parent":0,"menu_order":0,"comment_status":"closed","ping_status":"closed","template":"","meta":{"_et_pb_use_builder":"on","_et_pb_old_content":"","_et_gb_content_width":""},"_links":{"self":[{"href":"https:\/\/zubiorganic.org\/index.php\/wp-json\/wp\/v2\/pages\/200"}],"collection":[{"href":"https:\/\/zubiorganic.org\/index.php\/wp-json\/wp\/v2\/pages"}],"about":[{"href":"https:\/\/zubiorganic.org\/index.php\/wp-json\/wp\/v2\/types\/page"}],"author":[{"embeddable":true,"href":"https:\/\/zubiorganic.org\/index.php\/wp-json\/wp\/v2\/users\/1"}],"replies":[{"embeddable":true,"href":"https:\/\/zubiorganic.org\/index.php\/wp-json\/wp\/v2\/comments?post=200"}],"version-history":[{"count":13,"href":"https:\/\/zubiorganic.org\/index.php\/wp-json\/wp\/v2\/pages\/200\/revisions"}],"predecessor-version":[{"id":422,"href":"https:\/\/zubiorganic.org\/index.php\/wp-json\/wp\/v2\/pages\/200\/revisions\/422"}],"wp:attachment":[{"href":"https:\/\/zubiorganic.org\/index.php\/wp-json\/wp\/v2\/media?parent=200"}],"curies":[{"name":"wp","href":"https:\/\/api.w.org\/{rel}","templated":true}]}}