{"id":448,"date":"2022-05-30T13:24:25","date_gmt":"2022-05-30T11:24:25","guid":{"rendered":"http:\/\/zubiorganic.org\/?page_id=448"},"modified":"2024-10-14T12:55:20","modified_gmt":"2024-10-14T10:55:20","slug":"biofloc","status":"publish","type":"page","link":"https:\/\/zubiorganic.org\/index.php\/biofloc\/","title":{"rendered":"Biofloc"},"content":{"rendered":"<p>[et_pb_section fb_built=\u00bb1&#8243; _builder_version=\u00bb4.16&#8243; _module_preset=\u00bbdefault\u00bb background_enable_color=\u00bboff\u00bb background_enable_image=\u00bboff\u00bb background_blend=\u00bboverlay\u00bb background_video_mp4=\u00bbhttps:\/\/zubiorganic.org\/wp-content\/uploads\/2022\/05\/portadaRio.mp4&#8243; min_height=\u00bb888px\u00bb min_height_tablet=\u00bb\u00bb min_height_phone=\u00bb435px\u00bb min_height_last_edited=\u00bbon|phone\u00bb custom_margin=\u00bb0px|0px|0px|0px|false|false\u00bb custom_padding=\u00bb0px||0px||false|false\u00bb da_disable_devices=\u00bboff|off|off\u00bb global_colors_info=\u00bb{}\u00bb da_is_popup=\u00bboff\u00bb da_exit_intent=\u00bboff\u00bb da_has_close=\u00bbon\u00bb da_alt_close=\u00bboff\u00bb da_dark_close=\u00bboff\u00bb da_not_modal=\u00bbon\u00bb da_is_singular=\u00bboff\u00bb da_with_loader=\u00bboff\u00bb da_has_shadow=\u00bbon\u00bb][et_pb_row _builder_version=\u00bb4.16&#8243; _module_preset=\u00bbdefault\u00bb global_colors_info=\u00bb{}\u00bb][et_pb_column type=\u00bb4_4&#8243; _builder_version=\u00bb4.16&#8243; _module_preset=\u00bbdefault\u00bb global_colors_info=\u00bb{}\u00bb][et_pb_text content_tablet=\u00bb<\/p>\n<p>Investigaci\u00f3n sobre la minimizaci\u00f3n de <b>recursos en el agua<\/b> e <b>impactos medioambientales<\/b> de la acuicultura<\/p>\n<p>\u00bb content_phone=\u00bb<\/p>\n<p>Investigaci\u00f3n sobre la minimizaci\u00f3n de <b>recursos en el agua<\/b> e <b>impactos medioambientales<\/b> de la acuicultura<\/p>\n<p>\u00bb content_last_edited=\u00bbon|phone\u00bb _builder_version=\u00bb4.16&#8243; _module_preset=\u00bbdefault\u00bb text_font=\u00bb|300|||||||\u00bb text_text_color=\u00bb#ffffff\u00bb text_font_size=\u00bb43px\u00bb text_line_height=\u00bb1.3em\u00bb text_orientation=\u00bbcenter\u00bb custom_margin=\u00bb300px||||false|false\u00bb custom_margin_tablet=\u00bb200px||||false|false\u00bb custom_margin_phone=\u00bb100px||||false|false\u00bb custom_margin_last_edited=\u00bbon|phone\u00bb text_font_size_tablet=\u00bb30px\u00bb text_font_size_phone=\u00bb20px\u00bb text_font_size_last_edited=\u00bbon|tablet\u00bb text_line_height_tablet=\u00bb0.9em\u00bb text_line_height_phone=\u00bb1.1em\u00bb text_line_height_last_edited=\u00bbon|tablet\u00bb text_text_shadow_style=\u00bbpreset1&#8243; text_text_shadow_blur_strength=\u00bb0.22em\u00bb text_text_shadow_color=\u00bb#000000&#8243; global_colors_info=\u00bb{}\u00bb]<\/p>\n<p>Investigaci\u00f3n sobre la minimizaci\u00f3n de <b>recursos en el agua<\/b> e <b>impactos medioambientales<\/b> de la acuicultura<\/p>\n<p>[\/et_pb_text][\/et_pb_column][\/et_pb_row][\/et_pb_section][et_pb_section fb_built=\u00bb1&#8243; _builder_version=\u00bb4.16&#8243; _module_preset=\u00bbdefault\u00bb da_disable_devices=\u00bboff|off|off\u00bb global_colors_info=\u00bb{}\u00bb da_is_popup=\u00bboff\u00bb da_exit_intent=\u00bboff\u00bb da_has_close=\u00bbon\u00bb da_alt_close=\u00bboff\u00bb da_dark_close=\u00bboff\u00bb da_not_modal=\u00bbon\u00bb da_is_singular=\u00bboff\u00bb da_with_loader=\u00bboff\u00bb da_has_shadow=\u00bbon\u00bb][et_pb_row _builder_version=\u00bb4.16&#8243; _module_preset=\u00bbdefault\u00bb custom_margin=\u00bb0px||||false|false\u00bb custom_margin_tablet=\u00bb0px||||false|false\u00bb custom_margin_phone=\u00bb0px||||false|false\u00bb custom_margin_last_edited=\u00bbon|phone\u00bb custom_padding=\u00bb0px||||false|false\u00bb global_colors_info=\u00bb{}\u00bb][et_pb_column type=\u00bb4_4&#8243; _builder_version=\u00bb4.16&#8243; _module_preset=\u00bbdefault\u00bb global_colors_info=\u00bb{}\u00bb][et_pb_text _builder_version=\u00bb4.16&#8243; _module_preset=\u00bbdefault\u00bb text_font=\u00bb|300|||||||\u00bb text_text_color=\u00bb#000000&#8243; text_font_size=\u00bb16px\u00bb global_colors_info=\u00bb{}\u00bb]El r\u00e1pido desarrollo de la <b>acuicultura intensiva ha generado preocupaci\u00f3n<\/b> en todo el mundo por el <b>posible impacto medioambiental<\/b> de este sistema productivo que puede producir una acumulaci\u00f3n importante de compuestos org\u00e1nicos, que provoquen una proliferaci\u00f3n descontrolada de algas que agoten el ox\u00edgeno y deterioren la vida acu\u00e1tica del entorno.<\/p>\n<p>En este proyecto de investigaci\u00f3n fundamental sobre <b>Minimizaci\u00f3n de Residuos en el Agua e Impactos Medioambientales de la Acuicultura<\/b>, financiado por el Departamento de Desarrollo Econ\u00f3mico, Sostenibilidad y Medio Ambiente del Gobierno Vasco, se investigan las posibilidades de amortiguar el impacto negativo de la acuicultura, mediante el estudio y desarrollo de nuevas tecnolog\u00edas acu\u00edcolas para el uso sustentable de los recursos.<\/p>\n<p>En esta investigaci\u00f3n se<b> analizan y comparan diferentes sistemas de depuraci\u00f3n biol\u00f3gica del agua<\/b> que se desecha en un sistema de producci\u00f3n acu\u00edcola, para tratar de concluir cu\u00e1l podr\u00eda ser el mejor sistema depurativo de la materia org\u00e1nica que contiene esa agua.[\/et_pb_text][\/et_pb_column][\/et_pb_row][\/et_pb_section][et_pb_section fb_built=\u00bb1&#8243; _builder_version=\u00bb4.16&#8243; _module_preset=\u00bbdefault\u00bb background_color=\u00bbrgba(0,108,135,0.64)\u00bb custom_margin=\u00bb0px||0px||false|false\u00bb custom_padding=\u00bb0px||0px||false|false\u00bb da_disable_devices=\u00bboff|off|off\u00bb global_colors_info=\u00bb{}\u00bb da_is_popup=\u00bboff\u00bb da_exit_intent=\u00bboff\u00bb da_has_close=\u00bbon\u00bb da_alt_close=\u00bboff\u00bb da_dark_close=\u00bboff\u00bb da_not_modal=\u00bbon\u00bb da_is_singular=\u00bboff\u00bb da_with_loader=\u00bboff\u00bb da_has_shadow=\u00bbon\u00bb][et_pb_row _builder_version=\u00bb4.16&#8243; _module_preset=\u00bbdefault\u00bb width=\u00bb100%\u00bb max_width=\u00bb100%\u00bb custom_margin=\u00bb0px||0px||false|false\u00bb custom_padding=\u00bb0px||0px||false|false\u00bb global_colors_info=\u00bb{}\u00bb][et_pb_column type=\u00bb4_4&#8243; _builder_version=\u00bb4.16&#8243; _module_preset=\u00bbdefault\u00bb global_colors_info=\u00bb{}\u00bb][et_pb_image src=\u00bbhttps:\/\/zubiorganic.org\/wp-content\/uploads\/2022\/05\/IMG_20220530_134118-scaled.jpg\u00bb alt=\u00bbcomparativa\u00bb title_text=\u00bbIMG_20220530_134118&#8243; _builder_version=\u00bb4.16&#8243; _module_preset=\u00bbdefault\u00bb global_colors_info=\u00bb{}\u00bb][\/et_pb_image][\/et_pb_column][\/et_pb_row][\/et_pb_section][et_pb_section fb_built=\u00bb1&#8243; _builder_version=\u00bb4.16&#8243; _module_preset=\u00bbdefault\u00bb da_disable_devices=\u00bboff|off|off\u00bb global_colors_info=\u00bb{}\u00bb da_is_popup=\u00bboff\u00bb da_exit_intent=\u00bboff\u00bb da_has_close=\u00bbon\u00bb da_alt_close=\u00bboff\u00bb da_dark_close=\u00bboff\u00bb da_not_modal=\u00bbon\u00bb da_is_singular=\u00bboff\u00bb da_with_loader=\u00bboff\u00bb da_has_shadow=\u00bbon\u00bb][et_pb_row _builder_version=\u00bb4.16&#8243; _module_preset=\u00bbdefault\u00bb global_colors_info=\u00bb{}\u00bb][et_pb_column type=\u00bb4_4&#8243; _builder_version=\u00bb4.16&#8243; _module_preset=\u00bbdefault\u00bb global_colors_info=\u00bb{}\u00bb][et_pb_text content_phone=\u00bb<\/p>\n<p><b style=%22font-size:2em%22>Fases<\/b> del <br \/>reto Farmer Fish<\/p>\n<p>\u00bb content_last_edited=\u00bboff|desktop\u00bb _builder_version=\u00bb4.16&#8243; _module_preset=\u00bbdefault\u00bb text_font=\u00bb|300|||||||\u00bb text_text_color=\u00bb#000000&#8243; text_font_size=\u00bb31px\u00bb header_font=\u00bb|700|||||||\u00bb header_font_size=\u00bb45px\u00bb text_orientation=\u00bbcenter\u00bb text_line_height_tablet=\u00bb\u00bb text_line_height_phone=\u00bb1.1em\u00bb text_line_height_last_edited=\u00bbon|phone\u00bb header_font_size_tablet=\u00bb45px\u00bb header_font_size_phone=\u00bb30px\u00bb header_font_size_last_edited=\u00bbon|phone\u00bb global_colors_info=\u00bb{}\u00bb]<\/p>\n<h1>Comparativa de 3 sistemas de cultivo<\/h1>\n<p>[\/et_pb_text][\/et_pb_column][\/et_pb_row][et_pb_row column_structure=\u00bb1_3,1_3,1_3&#8243; _builder_version=\u00bb4.16&#8243; _module_preset=\u00bbdefault\u00bb global_colors_info=\u00bb{}\u00bb][et_pb_column type=\u00bb1_3&#8243; _builder_version=\u00bb4.16&#8243; _module_preset=\u00bbdefault\u00bb global_colors_info=\u00bb{}\u00bb][et_pb_text content_tablet=\u00bb<\/p>\n<h1 style=%22text-align: center;%22>1.<\/h1>\n<p style=%22text-align: center;%22><b>Instalaciones en escala real<\/b><br \/>\nEspecialmente dise\u00f1adas para facilitar la formaci\u00f3n en remoto.<\/p>\n<p>\u00bb content_phone=\u00bb<\/p>\n<h1 style=%22text-align: center;%22>1.<\/h1>\n<p style=%22text-align: center;%22><b>Instalaciones en escala real<\/b><br \/>\nEspecialmente dise\u00f1adas para facilitar la formaci\u00f3n en remoto.<\/p>\n<p>\u00bb content_last_edited=\u00bboff|desktop\u00bb _builder_version=\u00bb4.16&#8243; _module_preset=\u00bbdefault\u00bb text_font=\u00bb|300|||||||\u00bb text_text_color=\u00bb#000000&#8243; text_font_size=\u00bb16px\u00bb header_text_align=\u00bbcenter\u00bb header_text_color=\u00bb#006c87&#8243; header_font_size=\u00bb60px\u00bb text_orientation_tablet=\u00bb\u00bb text_orientation_phone=\u00bbcenter\u00bb text_orientation_last_edited=\u00bbon|phone\u00bb global_colors_info=\u00bb{}\u00bb]<\/p>\n<h1 style=\"text-align: center;\">1.<\/h1>\n<p style=\"text-align: center;\"><b>Sistema RAS<\/b><\/p>\n<p>Se trata de un sistema de cultivo de peces en recirculaci\u00f3n, que mantiene los par\u00e1metros adecuados de cultivo mediante filtraci\u00f3n mec\u00e1nica y bacteriana y en el que se hacen necesarios recambios peri\u00f3dicos de agua.<\/p>\n<p>[\/et_pb_text][\/et_pb_column][et_pb_column type=\u00bb1_3&#8243; _builder_version=\u00bb4.16&#8243; _module_preset=\u00bbdefault\u00bb global_colors_info=\u00bb{}\u00bb][et_pb_text content_tablet=\u00bb<\/p>\n<h1 style=%22text-align: center;%22>2.<\/h1>\n<p style=%22text-align: center;%22><b>Sistema Acuap\u00f3nico<\/b><\/p>\n<p>Es un sistema de producci\u00f3n de plantas y peces que combina la acuicultura en recirculaci\u00f3n (RAS), con la hidropon\u00eda, cultivo de plantas sin tierra en un medioambiente simbi\u00f3tico. En este sistema de cultivo no son necesarios recambios de agua, si no a\u00f1adir la que se pierde por la evaporaci\u00f3n natural.<\/p>\n<p>\u00bb content_phone=\u00bb<\/p>\n<h1 style=%22text-align: center;%22>2.<\/h1>\n<p style=%22text-align: center;%22><b>Sistema Acuap\u00f3nico<\/b><\/p>\n<p>Es un sistema de producci\u00f3n de plantas y peces que combina la acuicultura en recirculaci\u00f3n (RAS), con la hidropon\u00eda, cultivo de plantas sin tierra en un medioambiente simbi\u00f3tico. En este sistema de cultivo no son necesarios recambios de agua, si no a\u00f1adir la que se pierde por la evaporaci\u00f3n natural.<\/p>\n<p>\u00bb content_last_edited=\u00bbon|phone\u00bb _builder_version=\u00bb4.17.4&#8243; _module_preset=\u00bbdefault\u00bb text_font=\u00bb|300|||||||\u00bb text_text_color=\u00bb#000000&#8243; text_font_size=\u00bb16px\u00bb header_text_align=\u00bbcenter\u00bb header_text_color=\u00bb#006c87&#8243; header_font_size=\u00bb60px\u00bb text_orientation_tablet=\u00bb\u00bb text_orientation_phone=\u00bbcenter\u00bb text_orientation_last_edited=\u00bbon|phone\u00bb global_colors_info=\u00bb{}\u00bb]<\/p>\n<h1 style=\"text-align: center;\">2.<\/h1>\n<p style=\"text-align: center;\"><b>Sistema Acuap\u00f3nico<\/b><\/p>\n<p>Es un sistema de producci\u00f3n de plantas y peces que combina la acuicultura en recirculaci\u00f3n (RAS), con la hidropon\u00eda, cultivo de plantas sin tierra en un medioambiente simbi\u00f3tico. En este sistema de cultivo no son necesarios recambios de agua, sino a\u00f1adir la que se pierde por la evaporaci\u00f3n natural.<\/p>\n<p>[\/et_pb_text][\/et_pb_column][et_pb_column type=\u00bb1_3&#8243; _builder_version=\u00bb4.16&#8243; _module_preset=\u00bbdefault\u00bb global_colors_info=\u00bb{}\u00bb][et_pb_text _builder_version=\u00bb4.16&#8243; _module_preset=\u00bbdefault\u00bb text_font=\u00bb|300|||||||\u00bb text_text_color=\u00bb#000000&#8243; text_font_size=\u00bb16px\u00bb header_text_align=\u00bbcenter\u00bb header_text_color=\u00bb#006c87&#8243; header_font_size=\u00bb60px\u00bb text_orientation_tablet=\u00bb\u00bb text_orientation_phone=\u00bbcenter\u00bb text_orientation_last_edited=\u00bbon|phone\u00bb global_colors_info=\u00bb{}\u00bb]<\/p>\n<h1 style=\"text-align: center;\">3.<\/h1>\n<p style=\"text-align: center;\"><b>Sistema Biofloc<\/b><span> <\/span><\/p>\n<p><span>Como el anterior, no requiere reemplazos de agua, pues se trata de un mecanismo que aprovecha los residuos nitrogenados. Al a\u00f1adirle un aporte de carbono, como el que contiene la melaza de ca\u00f1a, se produce una formaci\u00f3n controlada de microorganismos (biofloc) que gasifica el nitr\u00f3geno del agua y los fl\u00f3culos (microorganismos) resultantes se convierten en un suplemento alimenticio para los peces.<\/span><\/p>\n<p>[\/et_pb_text][\/et_pb_column][\/et_pb_row][et_pb_row _builder_version=\u00bb4.16&#8243; _module_preset=\u00bbdefault\u00bb global_colors_info=\u00bb{}\u00bb][et_pb_column type=\u00bb4_4&#8243; _builder_version=\u00bb4.16&#8243; _module_preset=\u00bbdefault\u00bb global_colors_info=\u00bb{}\u00bb][et_pb_video src=\u00bbhttps:\/\/youtu.be\/HzgroXjFgwQ\u00bb _builder_version=\u00bb4.16&#8243; _module_preset=\u00bbdefault\u00bb global_colors_info=\u00bb{}\u00bb][\/et_pb_video][\/et_pb_column][\/et_pb_row][et_pb_row _builder_version=\u00bb4.16&#8243; _module_preset=\u00bbdefault\u00bb custom_margin=\u00bb0px||||false|false\u00bb custom_margin_tablet=\u00bb0px||||false|false\u00bb custom_margin_phone=\u00bb0px||||false|false\u00bb custom_margin_last_edited=\u00bbon|phone\u00bb custom_padding=\u00bb0px||||false|false\u00bb global_colors_info=\u00bb{}\u00bb][et_pb_column type=\u00bb4_4&#8243; _builder_version=\u00bb4.16&#8243; _module_preset=\u00bbdefault\u00bb global_colors_info=\u00bb{}\u00bb][et_pb_text _builder_version=\u00bb4.22.0&#8243; _module_preset=\u00bbdefault\u00bb text_font=\u00bb|300|||||||\u00bb text_text_color=\u00bb#000000&#8243; text_font_size=\u00bb16px\u00bb hover_enabled=\u00bb0&#8243; global_colors_info=\u00bb{}\u00bb sticky_enabled=\u00bb0&#8243;]<\/p>\n<p>&nbsp;<\/p>\n<p>En esta investigaci\u00f3n fundamental la especie utilizada en los tres sistemas de cultivo analizados es la Tilapia del Nilo.<\/p>\n<p>El resultado del estudio de las tres metodolog\u00edas <strong>demostr\u00f3 las ventajas econ\u00f3micas y medioambientales<\/strong> de los sistemas de cultivo acuap\u00f3nico y biofloc frente al sistema RAS.<\/p>\n<p>Durante el proyecto se realizaron varias <strong>jornadas t\u00e9cnicas<\/strong> y <strong>visitas<\/strong> a las instalaciones.<\/p>\n<p>[\/et_pb_text][\/et_pb_column][\/et_pb_row][\/et_pb_section][et_pb_section fb_built=\u00bb1&#8243; theme_builder_area=\u00bbpost_content\u00bb _builder_version=\u00bb4.22.0&#8243; _module_preset=\u00bbdefault\u00bb min_height=\u00bb1204.3px\u00bb da_is_popup=\u00bboff\u00bb da_exit_intent=\u00bboff\u00bb da_has_close=\u00bbon\u00bb da_alt_close=\u00bboff\u00bb da_dark_close=\u00bboff\u00bb da_not_modal=\u00bbon\u00bb da_is_singular=\u00bboff\u00bb da_with_loader=\u00bboff\u00bb da_has_shadow=\u00bbon\u00bb da_disable_devices=\u00bboff|off|off\u00bb][et_pb_row column_structure=\u00bb1_2,1_2&#8243; use_custom_gutter=\u00bbon\u00bb gutter_width=\u00bb1&#8243; _builder_version=\u00bb4.22.0&#8243; _module_preset=\u00bbdefault\u00bb width=\u00bb100%\u00bb max_width=\u00bb100%\u00bb custom_margin=\u00bb-47px|auto|0px|auto|false|false\u00bb custom_padding=\u00bb0px||0px||false|false\u00bb global_colors_info=\u00bb{}\u00bb theme_builder_area=\u00bbpost_content\u00bb][et_pb_column type=\u00bb1_2&#8243; _builder_version=\u00bb4.16&#8243; _module_preset=\u00bbdefault\u00bb global_colors_info=\u00bb{}\u00bb theme_builder_area=\u00bbpost_content\u00bb][et_pb_image src=\u00bbhttp:\/\/zubiorganic.org\/wp-content\/uploads\/2024\/10\/biofloc-01.jpg\u00bb alt=\u00bbvisita\u00bb title_text=\u00bbbiofloc-01&#8243; _builder_version=\u00bb4.22.0&#8243; _module_preset=\u00bbdefault\u00bb hover_enabled=\u00bb0&#8243; global_colors_info=\u00bb{}\u00bb theme_builder_area=\u00bbpost_content\u00bb sticky_enabled=\u00bb0&#8243;][\/et_pb_image][\/et_pb_column][et_pb_column type=\u00bb1_2&#8243; _builder_version=\u00bb4.16&#8243; _module_preset=\u00bbdefault\u00bb global_colors_info=\u00bb{}\u00bb theme_builder_area=\u00bbpost_content\u00bb][et_pb_image src=\u00bbhttp:\/\/zubiorganic.org\/wp-content\/uploads\/2024\/10\/biofloc-02.jpg\u00bb alt=\u00bbbiofloc\u00bb title_text=\u00bbbiofloc-02&#8243; _builder_version=\u00bb4.22.0&#8243; _module_preset=\u00bbdefault\u00bb hover_enabled=\u00bb0&#8243; global_colors_info=\u00bb{}\u00bb theme_builder_area=\u00bbpost_content\u00bb sticky_enabled=\u00bb0&#8243;][\/et_pb_image][\/et_pb_column][\/et_pb_row][et_pb_row column_structure=\u00bb1_2,1_2&#8243; use_custom_gutter=\u00bbon\u00bb gutter_width=\u00bb1&#8243; _builder_version=\u00bb4.22.0&#8243; _module_preset=\u00bbdefault\u00bb width=\u00bb100%\u00bb max_width=\u00bb100%\u00bb custom_margin=\u00bb-47px|auto|-156px|auto|false|false\u00bb custom_padding=\u00bb0px||0px||false|false\u00bb global_colors_info=\u00bb{}\u00bb theme_builder_area=\u00bbpost_content\u00bb][et_pb_column type=\u00bb1_2&#8243; _builder_version=\u00bb4.16&#8243; _module_preset=\u00bbdefault\u00bb global_colors_info=\u00bb{}\u00bb theme_builder_area=\u00bbpost_content\u00bb][et_pb_image src=\u00bbhttp:\/\/zubiorganic.org\/wp-content\/uploads\/2024\/10\/biofloc-03.jpg\u00bb alt=\u00bbbiofloc\u00bb title_text=\u00bbbiofloc-03&#8243; _builder_version=\u00bb4.22.0&#8243; _module_preset=\u00bbdefault\u00bb hover_enabled=\u00bb0&#8243; global_colors_info=\u00bb{}\u00bb theme_builder_area=\u00bbpost_content\u00bb sticky_enabled=\u00bb0&#8243;][\/et_pb_image][\/et_pb_column][et_pb_column type=\u00bb1_2&#8243; _builder_version=\u00bb4.16&#8243; _module_preset=\u00bbdefault\u00bb global_colors_info=\u00bb{}\u00bb theme_builder_area=\u00bbpost_content\u00bb][et_pb_image src=\u00bbhttp:\/\/zubiorganic.org\/wp-content\/uploads\/2024\/10\/IMG20220615122303_01.jpg\u00bb alt=\u00bbbiofloc\u00bb title_text=\u00bbIMG20220615122303_01&#8243; _builder_version=\u00bb4.22.0&#8243; _module_preset=\u00bbdefault\u00bb hover_enabled=\u00bb0&#8243; global_colors_info=\u00bb{}\u00bb theme_builder_area=\u00bbpost_content\u00bb sticky_enabled=\u00bb0&#8243;][\/et_pb_image][\/et_pb_column][\/et_pb_row][\/et_pb_section]<\/p>\n","protected":false},"excerpt":{"rendered":"<p>Investigaci\u00f3n sobre la minimizaci\u00f3n de recursos en el agua e impactos medioambientales de la acuiculturaEl r\u00e1pido desarrollo de la acuicultura intensiva ha generado preocupaci\u00f3n en todo el mundo por el posible impacto medioambiental de este sistema productivo que puede producir una acumulaci\u00f3n importante de compuestos org\u00e1nicos, que provoquen una proliferaci\u00f3n descontrolada de algas que agoten [&hellip;]<\/p>\n","protected":false},"author":1,"featured_media":0,"parent":0,"menu_order":0,"comment_status":"closed","ping_status":"closed","template":"","meta":{"_et_pb_use_builder":"on","_et_pb_old_content":"","_et_gb_content_width":""},"_links":{"self":[{"href":"https:\/\/zubiorganic.org\/index.php\/wp-json\/wp\/v2\/pages\/448"}],"collection":[{"href":"https:\/\/zubiorganic.org\/index.php\/wp-json\/wp\/v2\/pages"}],"about":[{"href":"https:\/\/zubiorganic.org\/index.php\/wp-json\/wp\/v2\/types\/page"}],"author":[{"embeddable":true,"href":"https:\/\/zubiorganic.org\/index.php\/wp-json\/wp\/v2\/users\/1"}],"replies":[{"embeddable":true,"href":"https:\/\/zubiorganic.org\/index.php\/wp-json\/wp\/v2\/comments?post=448"}],"version-history":[{"count":14,"href":"https:\/\/zubiorganic.org\/index.php\/wp-json\/wp\/v2\/pages\/448\/revisions"}],"predecessor-version":[{"id":593,"href":"https:\/\/zubiorganic.org\/index.php\/wp-json\/wp\/v2\/pages\/448\/revisions\/593"}],"wp:attachment":[{"href":"https:\/\/zubiorganic.org\/index.php\/wp-json\/wp\/v2\/media?parent=448"}],"curies":[{"name":"wp","href":"https:\/\/api.w.org\/{rel}","templated":true}]}}